{"id":15546,"date":"2022-07-08T12:08:53","date_gmt":"2022-07-08T10:08:53","guid":{"rendered":"http:\/\/designall.pl\/de\/?page_id=15546"},"modified":"2023-06-16T12:48:43","modified_gmt":"2023-06-16T10:48:43","slug":"investitionsmanagement","status":"publish","type":"page","link":"http:\/\/designall.pl\/de\/investitionsmanagement\/","title":{"rendered":"Investitionsmanagement"},"content":{"rendered":"<p>[vc_row full_width=&#8221;stretch_row&#8221; equal_height=&#8221;yes&#8221; content_placement=&#8221;middle&#8221; css=&#8221;.vc_custom_1669294275213{padding-top: 20px !important;padding-bottom: 40px !important;background-color: #f9f9f9 !important;}&#8221;][vc_column width=&#8221;4\/12&#8243;][vc_row_inner][vc_column_inner width=&#8221;1\/4&#8243;][\/vc_column_inner][vc_column_inner width=&#8221;3\/4&#8243;][vc_column_text]<\/p>\n<h2>Projekte:<\/h2>\n<ul>\n<li>Architektur und Bauwesen<\/li>\n<li>technisch<\/li>\n<li>sektorspezifisch (Sanit\u00e4r-, Stra\u00dfen- und Elektroprojekte etc.)<\/li>\n<li>Technologie<\/li>\n<li>Grundst\u00fcckserschlie\u00dfung<\/li>\n<li>Anpassungen<\/li>\n<li>Abrisse<\/li>\n<li>Inventarisierung<\/li>\n<li>Innenausbau<\/li>\n<li>Gartengestaltungen<\/li>\n<li>Visualisierungen<\/li>\n<\/ul>\n<p>[\/vc_column_text][\/vc_column_inner][\/vc_row_inner][\/vc_column][vc_column width=&#8221;8\/12&#8243;][vc_single_image image=&#8221;15765&#8243; img_size=&#8221;full&#8221; alignment=&#8221;right&#8221; css_animation=&#8221;slideInRight&#8221;][\/vc_column][\/vc_row][vc_row full_width=&#8221;stretch_row&#8221; equal_height=&#8221;yes&#8221; content_placement=&#8221;middle&#8221; css=&#8221;.vc_custom_1669294275213{padding-top: 20px !important;padding-bottom: 40px !important;background-color: #f9f9f9 !important;}&#8221;][vc_column width=&#8221;7\/12&#8243;][vc_single_image image=&#8221;15636&#8243; img_size=&#8221;full&#8221; alignment=&#8221;center&#8221; css_animation=&#8221;slideInLeft&#8221;][\/vc_column][vc_column width=&#8221;5\/12&#8243;][vc_column_text]<\/p>\n<h2>Durchf\u00fchrung formaler und rechtlicher T\u00e4tigkeiten im Zusammenhang mit der Erlangung von:<\/h2>\n<ul>\n<li>Entwicklungsbedingungen<\/li>\n<li>technischen Bedingungen<\/li>\n<li>Bau-\/Abrissgenehmigungen<\/li>\n<li>Anmeldung<\/li>\n<li>wasserrechtlicher Erlaubnis<\/li>\n<li>Umweltentscheidung<\/li>\n<li>Vereinbarungen \u00fcber einzelne Ausfahrten<\/li>\n<li>Vereinbarungen \u00fcber die Grundst\u00fcckserschlie\u00dfung<\/li>\n<\/ul>\n<p>und andere, die im Rahmen des Investitionsprozesses erforderlich sind.<\/p>\n<p>[\/vc_column_text][\/vc_column][\/vc_row][vc_row full_width=&#8221;stretch_row&#8221; equal_height=&#8221;yes&#8221; content_placement=&#8221;middle&#8221; css=&#8221;.vc_custom_1669294275213{padding-top: 20px !important;padding-bottom: 40px !important;background-color: #f9f9f9 !important;}&#8221;][vc_column width=&#8221;1\/2&#8243;][vc_column_text]<\/p>\n<h2>Bau-\/Investitionskoordination als:<\/h2>\n<h3>Projekt\u00fcberwachung:<\/h3>\n<ul>\n<li>Baukontrolle \u2013 ordnungsgem\u00e4\u00dfe Ausf\u00fchrung der Arbeiten, Einhaltung der Planung und der Vorschriften,<\/li>\n<li>Abrechnung der weiteren Bauabschnitte.<\/li>\n<\/ul>\n<h3>Ersatzinvestor:<\/h3>\n<ul>\n<li>\u00dcbernahme der Aufgaben des Direktinvestors,<\/li>\n<li>Erledigung aller erforderlichen Verwaltungsformalit\u00e4ten,<\/li>\n<li>Vertretung des Direktinvestors bei Kontakten mit Dritten, einschlie\u00dflich Bauunternehmern und Lieferanten,<\/li>\n<li>Durchf\u00fchrung der laufenden Finanzabrechnungen im Zusammenhang mit dem Bauvorhaben,<\/li>\n<li>Koordinierung der schl\u00fcsselfertigen Investition und Durchf\u00fchrung anderer Vertragsaufgaben.<\/li>\n<\/ul>\n<p>[\/vc_column_text][\/vc_column][vc_column width=&#8221;1\/2&#8243;][vc_single_image image=&#8221;16041&#8243; img_size=&#8221;full&#8221; alignment=&#8221;right&#8221; css_animation=&#8221;slideInRight&#8221;][\/vc_column][\/vc_row]<\/p>\n","protected":false},"excerpt":{"rendered":"<p>[vc_row full_width=&#8221;stretch_row&#8221; equal_height=&#8221;yes&#8221; content_placement=&#8221;middle&#8221; css=&#8221;.vc_custom_1669294275213{padding-top: 20px !important;padding-bottom: 40px !important;background-color: #f9f9f9 !important;}&#8221;][vc_column width=&#8221;4\/12&#8243;][vc_row_inner][vc_column_inner width=&#8221;1\/4&#8243;][\/vc_column_inner][vc_column_inner width=&#8221;3\/4&#8243;][vc_column_text] Projekte: Architektur und Bauwesen technisch sektorspezifisch (Sanit\u00e4r-, Stra\u00dfen- und Elektroprojekte etc.) Technologie Grundst\u00fcckserschlie\u00dfung Anpassungen Abrisse Inventarisierung [&#8230;]<\/p>\n","protected":false},"author":1,"featured_media":0,"parent":0,"menu_order":0,"comment_status":"closed","ping_status":"closed","template":"","meta":[],"yoast_head":"<!-- This site is optimized with the Yoast SEO plugin v19.3 - https:\/\/yoast.com\/wordpress\/plugins\/seo\/ -->\n<title>Investitionsmanagement - Designall Investitionsmanagement Olsztyn, Immobilien, Ausf\u00fchrung, OZE<\/title>\n<meta name=\"robots\" content=\"index, follow, max-snippet:-1, max-image-preview:large, max-video-preview:-1\" \/>\n<link rel=\"canonical\" href=\"http:\/\/designall.pl\/de\/investitionsmanagement\/\" \/>\n<meta property=\"og:locale\" content=\"pl_PL\" \/>\n<meta property=\"og:type\" content=\"article\" \/>\n<meta property=\"og:title\" content=\"Investitionsmanagement - Designall Investitionsmanagement Olsztyn, Immobilien, Ausf\u00fchrung, OZE\" \/>\n<meta property=\"og:description\" content=\"[vc_row full_width=&#8221;stretch_row&#8221; equal_height=&#8221;yes&#8221; content_placement=&#8221;middle&#8221; css=&#8221;.vc_custom_1669294275213{padding-top: 20px !important;padding-bottom: 40px !important;background-color: #f9f9f9 !important;}&#8221;][vc_column width=&#8221;4\/12&#8243;][vc_row_inner][vc_column_inner width=&#8221;1\/4&#8243;][\/vc_column_inner][vc_column_inner width=&#8221;3\/4&#8243;][vc_column_text] Projekte: Architektur und Bauwesen technisch sektorspezifisch (Sanit\u00e4r-, Stra\u00dfen- und Elektroprojekte etc.) Technologie Grundst\u00fcckserschlie\u00dfung Anpassungen Abrisse Inventarisierung [...]\" \/>\n<meta property=\"og:url\" content=\"http:\/\/designall.pl\/de\/investitionsmanagement\/\" \/>\n<meta property=\"og:site_name\" content=\"Designall Investitionsmanagement Olsztyn, Immobilien, Ausf\u00fchrung, OZE\" \/>\n<meta property=\"article:modified_time\" content=\"2023-06-16T10:48:43+00:00\" \/>\n<meta name=\"twitter:card\" content=\"summary\" \/>\n<meta name=\"twitter:label1\" content=\"Szacowany czas czytania\" \/>\n\t<meta name=\"twitter:data1\" content=\"1 minuta\" \/>\n<script type=\"application\/ld+json\" class=\"yoast-schema-graph\">{\"@context\":\"https:\/\/schema.org\",\"@graph\":[{\"@type\":\"Organization\",\"@id\":\"http:\/\/designall.pl\/de\/#organization\",\"name\":\"Designall Investitionsmanagement Olsztyn, Immobilien, Ausf\u00fchrung, OZE\",\"url\":\"http:\/\/designall.pl\/de\/\",\"sameAs\":[],\"logo\":{\"@type\":\"ImageObject\",\"inLanguage\":\"pl-PL\",\"@id\":\"http:\/\/designall.pl\/de\/#\/schema\/logo\/image\/\",\"url\":\"\",\"contentUrl\":\"\",\"caption\":\"Designall Investitionsmanagement Olsztyn, Immobilien, Ausf\u00fchrung, OZE\"},\"image\":{\"@id\":\"http:\/\/designall.pl\/de\/#\/schema\/logo\/image\/\"}},{\"@type\":\"WebSite\",\"@id\":\"http:\/\/designall.pl\/de\/#website\",\"url\":\"http:\/\/designall.pl\/de\/\",\"name\":\"Designall Investitionsmanagement Olsztyn, Immobilien, Ausf\u00fchrung, OZE\",\"description\":\"Die DESIGNALL Group ist ein modernes Architekturdesignstudio, das sich auf zeitlose, funktionale, \u00e4sthetische und einzigartige L\u00f6sungen konzentriert.\",\"publisher\":{\"@id\":\"http:\/\/designall.pl\/de\/#organization\"},\"potentialAction\":[{\"@type\":\"SearchAction\",\"target\":{\"@type\":\"EntryPoint\",\"urlTemplate\":\"http:\/\/designall.pl\/de\/?s={search_term_string}\"},\"query-input\":\"required name=search_term_string\"}],\"inLanguage\":\"pl-PL\"},{\"@type\":\"WebPage\",\"@id\":\"http:\/\/designall.pl\/de\/investitionsmanagement\/\",\"url\":\"http:\/\/designall.pl\/de\/investitionsmanagement\/\",\"name\":\"Investitionsmanagement - Designall Investitionsmanagement Olsztyn, Immobilien, Ausf\u00fchrung, OZE\",\"isPartOf\":{\"@id\":\"http:\/\/designall.pl\/de\/#website\"},\"datePublished\":\"2022-07-08T10:08:53+00:00\",\"dateModified\":\"2023-06-16T10:48:43+00:00\",\"breadcrumb\":{\"@id\":\"http:\/\/designall.pl\/de\/investitionsmanagement\/#breadcrumb\"},\"inLanguage\":\"pl-PL\",\"potentialAction\":[{\"@type\":\"ReadAction\",\"target\":[\"http:\/\/designall.pl\/de\/investitionsmanagement\/\"]}]},{\"@type\":\"BreadcrumbList\",\"@id\":\"http:\/\/designall.pl\/de\/investitionsmanagement\/#breadcrumb\",\"itemListElement\":[{\"@type\":\"ListItem\",\"position\":1,\"name\":\"Strona g\u0142\u00f3wna\",\"item\":\"http:\/\/designall.pl\/de\/\"},{\"@type\":\"ListItem\",\"position\":2,\"name\":\"Investitionsmanagement\"}]}]}<\/script>\n<!-- \/ Yoast SEO plugin. -->","yoast_head_json":{"title":"Investitionsmanagement - Designall Investitionsmanagement Olsztyn, Immobilien, Ausf\u00fchrung, OZE","robots":{"index":"index","follow":"follow","max-snippet":"max-snippet:-1","max-image-preview":"max-image-preview:large","max-video-preview":"max-video-preview:-1"},"canonical":"http:\/\/designall.pl\/de\/investitionsmanagement\/","og_locale":"pl_PL","og_type":"article","og_title":"Investitionsmanagement - Designall Investitionsmanagement Olsztyn, Immobilien, Ausf\u00fchrung, OZE","og_description":"[vc_row full_width=&#8221;stretch_row&#8221; equal_height=&#8221;yes&#8221; content_placement=&#8221;middle&#8221; css=&#8221;.vc_custom_1669294275213{padding-top: 20px !important;padding-bottom: 40px !important;background-color: #f9f9f9 !important;}&#8221;][vc_column width=&#8221;4\/12&#8243;][vc_row_inner][vc_column_inner width=&#8221;1\/4&#8243;][\/vc_column_inner][vc_column_inner width=&#8221;3\/4&#8243;][vc_column_text] Projekte: Architektur und Bauwesen technisch sektorspezifisch (Sanit\u00e4r-, Stra\u00dfen- und Elektroprojekte etc.) Technologie Grundst\u00fcckserschlie\u00dfung Anpassungen Abrisse Inventarisierung [...]","og_url":"http:\/\/designall.pl\/de\/investitionsmanagement\/","og_site_name":"Designall Investitionsmanagement Olsztyn, Immobilien, Ausf\u00fchrung, OZE","article_modified_time":"2023-06-16T10:48:43+00:00","twitter_card":"summary","twitter_misc":{"Szacowany czas czytania":"1 minuta"},"schema":{"@context":"https:\/\/schema.org","@graph":[{"@type":"Organization","@id":"http:\/\/designall.pl\/de\/#organization","name":"Designall Investitionsmanagement Olsztyn, Immobilien, Ausf\u00fchrung, OZE","url":"http:\/\/designall.pl\/de\/","sameAs":[],"logo":{"@type":"ImageObject","inLanguage":"pl-PL","@id":"http:\/\/designall.pl\/de\/#\/schema\/logo\/image\/","url":"","contentUrl":"","caption":"Designall Investitionsmanagement Olsztyn, Immobilien, Ausf\u00fchrung, OZE"},"image":{"@id":"http:\/\/designall.pl\/de\/#\/schema\/logo\/image\/"}},{"@type":"WebSite","@id":"http:\/\/designall.pl\/de\/#website","url":"http:\/\/designall.pl\/de\/","name":"Designall Investitionsmanagement Olsztyn, Immobilien, Ausf\u00fchrung, OZE","description":"Die DESIGNALL Group ist ein modernes Architekturdesignstudio, das sich auf zeitlose, funktionale, \u00e4sthetische und einzigartige L\u00f6sungen konzentriert.","publisher":{"@id":"http:\/\/designall.pl\/de\/#organization"},"potentialAction":[{"@type":"SearchAction","target":{"@type":"EntryPoint","urlTemplate":"http:\/\/designall.pl\/de\/?s={search_term_string}"},"query-input":"required name=search_term_string"}],"inLanguage":"pl-PL"},{"@type":"WebPage","@id":"http:\/\/designall.pl\/de\/investitionsmanagement\/","url":"http:\/\/designall.pl\/de\/investitionsmanagement\/","name":"Investitionsmanagement - Designall Investitionsmanagement Olsztyn, Immobilien, Ausf\u00fchrung, OZE","isPartOf":{"@id":"http:\/\/designall.pl\/de\/#website"},"datePublished":"2022-07-08T10:08:53+00:00","dateModified":"2023-06-16T10:48:43+00:00","breadcrumb":{"@id":"http:\/\/designall.pl\/de\/investitionsmanagement\/#breadcrumb"},"inLanguage":"pl-PL","potentialAction":[{"@type":"ReadAction","target":["http:\/\/designall.pl\/de\/investitionsmanagement\/"]}]},{"@type":"BreadcrumbList","@id":"http:\/\/designall.pl\/de\/investitionsmanagement\/#breadcrumb","itemListElement":[{"@type":"ListItem","position":1,"name":"Strona g\u0142\u00f3wna","item":"http:\/\/designall.pl\/de\/"},{"@type":"ListItem","position":2,"name":"Investitionsmanagement"}]}]}},"_links":{"self":[{"href":"http:\/\/designall.pl\/de\/wp-json\/wp\/v2\/pages\/15546"}],"collection":[{"href":"http:\/\/designall.pl\/de\/wp-json\/wp\/v2\/pages"}],"about":[{"href":"http:\/\/designall.pl\/de\/wp-json\/wp\/v2\/types\/page"}],"author":[{"embeddable":true,"href":"http:\/\/designall.pl\/de\/wp-json\/wp\/v2\/users\/1"}],"replies":[{"embeddable":true,"href":"http:\/\/designall.pl\/de\/wp-json\/wp\/v2\/comments?post=15546"}],"version-history":[{"count":25,"href":"http:\/\/designall.pl\/de\/wp-json\/wp\/v2\/pages\/15546\/revisions"}],"predecessor-version":[{"id":16279,"href":"http:\/\/designall.pl\/de\/wp-json\/wp\/v2\/pages\/15546\/revisions\/16279"}],"wp:attachment":[{"href":"http:\/\/designall.pl\/de\/wp-json\/wp\/v2\/media?parent=15546"}],"curies":[{"name":"wp","href":"https:\/\/api.w.org\/{rel}","templated":true}]}}