{"id":15550,"date":"2022-07-08T12:10:22","date_gmt":"2022-07-08T10:10:22","guid":{"rendered":"http:\/\/designall.pl\/de\/?page_id=15550"},"modified":"2023-06-16T12:36:26","modified_gmt":"2023-06-16T10:36:26","slug":"ausfuhrung","status":"publish","type":"page","link":"https:\/\/designall.pl\/de\/ausfuhrung\/","title":{"rendered":"Ausf\u00fchrung"},"content":{"rendered":"<p>[vc_row full_width=&#8221;stretch_row&#8221; equal_height=&#8221;yes&#8221; content_placement=&#8221;middle&#8221; css=&#8221;.vc_custom_1669294199563{padding-top: 20px !important;padding-bottom: 40px !important;background-color: #f9f9f9 !important;}&#8221;][vc_column width=&#8221;1\/2&#8243;][vc_single_image image=&#8221;15613&#8243; img_size=&#8221;full&#8221; alignment=&#8221;right&#8221; css_animation=&#8221;slideInLeft&#8221;][\/vc_column][vc_column width=&#8221;1\/2&#8243; el_class=&#8221;marginleftright&#8221;][vc_column_text]<\/p>\n<ul>\n<li>Wir verf\u00fcgen \u00fcber ein erfahrenes und effizientes F\u00fchrungsteam und qualifiziertes Ingenieur- und technisches Personal.<\/li>\n<li>Wir haben unsere eigenen spezialisierten Bauteams<\/li>\n<li>Wir arbeiten mit bew\u00e4hrten Lieferanten und Subunternehmern zusammen<\/li>\n<li>Wir verf\u00fcgen \u00fcber moderne Maschinen und Ger\u00e4te<\/li>\n<li>Wir bauen Wohnsiedlungen, stellen Wohnungen fertig und legen G\u00e4rten an<\/li>\n<li>Wir nutzen traditionelle Maurertechniken und innovative Bauweisen, z.B. mit Brettsperrholz<\/li>\n<li>Wir fertigen und montieren Elemente der Kleinarchitektur<\/li>\n<li>Wir f\u00fchren die gesamte investitionsbegleitende Infrastruktur aus<\/li>\n<\/ul>\n<p>[\/vc_column_text][\/vc_column][\/vc_row]<\/p>\n","protected":false},"excerpt":{"rendered":"<p>[vc_row full_width=&#8221;stretch_row&#8221; equal_height=&#8221;yes&#8221; content_placement=&#8221;middle&#8221; css=&#8221;.vc_custom_1669294199563{padding-top: 20px !important;padding-bottom: 40px !important;background-color: #f9f9f9 !important;}&#8221;][vc_column width=&#8221;1\/2&#8243;][vc_single_image image=&#8221;15613&#8243; img_size=&#8221;full&#8221; alignment=&#8221;right&#8221; css_animation=&#8221;slideInLeft&#8221;][\/vc_column][vc_column width=&#8221;1\/2&#8243; el_class=&#8221;marginleftright&#8221;][vc_column_text] Wir verf\u00fcgen \u00fcber ein erfahrenes und effizientes F\u00fchrungsteam und qualifiziertes Ingenieur- und [&#8230;]<\/p>\n","protected":false},"author":1,"featured_media":0,"parent":0,"menu_order":0,"comment_status":"closed","ping_status":"closed","template":"","meta":[],"yoast_head":"<!-- This site is optimized with the Yoast SEO plugin v19.3 - https:\/\/yoast.com\/wordpress\/plugins\/seo\/ -->\n<title>Ausf\u00fchrung - Designall Investitionsmanagement Olsztyn, Immobilien, Ausf\u00fchrung, OZE<\/title>\n<meta name=\"robots\" content=\"index, follow, max-snippet:-1, max-image-preview:large, max-video-preview:-1\" \/>\n<link rel=\"canonical\" href=\"http:\/\/designall.pl\/de\/ausfuhrung\/\" \/>\n<meta property=\"og:locale\" content=\"pl_PL\" \/>\n<meta property=\"og:type\" content=\"article\" \/>\n<meta property=\"og:title\" content=\"Ausf\u00fchrung - Designall Investitionsmanagement Olsztyn, Immobilien, Ausf\u00fchrung, OZE\" \/>\n<meta property=\"og:description\" content=\"[vc_row full_width=&#8221;stretch_row&#8221; equal_height=&#8221;yes&#8221; content_placement=&#8221;middle&#8221; css=&#8221;.vc_custom_1669294199563{padding-top: 20px !important;padding-bottom: 40px !important;background-color: #f9f9f9 !important;}&#8221;][vc_column width=&#8221;1\/2&#8243;][vc_single_image image=&#8221;15613&#8243; img_size=&#8221;full&#8221; alignment=&#8221;right&#8221; css_animation=&#8221;slideInLeft&#8221;][\/vc_column][vc_column width=&#8221;1\/2&#8243; el_class=&#8221;marginleftright&#8221;][vc_column_text] Wir verf\u00fcgen \u00fcber ein erfahrenes und effizientes F\u00fchrungsteam und qualifiziertes Ingenieur- und [...]\" \/>\n<meta property=\"og:url\" content=\"http:\/\/designall.pl\/de\/ausfuhrung\/\" \/>\n<meta property=\"og:site_name\" content=\"Designall Investitionsmanagement Olsztyn, Immobilien, Ausf\u00fchrung, OZE\" \/>\n<meta property=\"article:modified_time\" content=\"2023-06-16T10:36:26+00:00\" \/>\n<meta name=\"twitter:card\" content=\"summary\" \/>\n<meta name=\"twitter:label1\" content=\"Szacowany czas czytania\" \/>\n\t<meta name=\"twitter:data1\" content=\"1 minuta\" \/>\n<script type=\"application\/ld+json\" class=\"yoast-schema-graph\">{\"@context\":\"https:\/\/schema.org\",\"@graph\":[{\"@type\":\"Organization\",\"@id\":\"https:\/\/designall.pl\/de\/#organization\",\"name\":\"Designall Investitionsmanagement Olsztyn, Immobilien, Ausf\u00fchrung, OZE\",\"url\":\"https:\/\/designall.pl\/de\/\",\"sameAs\":[],\"logo\":{\"@type\":\"ImageObject\",\"inLanguage\":\"pl-PL\",\"@id\":\"https:\/\/designall.pl\/de\/#\/schema\/logo\/image\/\",\"url\":\"\",\"contentUrl\":\"\",\"caption\":\"Designall Investitionsmanagement Olsztyn, Immobilien, Ausf\u00fchrung, OZE\"},\"image\":{\"@id\":\"https:\/\/designall.pl\/de\/#\/schema\/logo\/image\/\"}},{\"@type\":\"WebSite\",\"@id\":\"https:\/\/designall.pl\/de\/#website\",\"url\":\"https:\/\/designall.pl\/de\/\",\"name\":\"Designall Investitionsmanagement Olsztyn, Immobilien, Ausf\u00fchrung, OZE\",\"description\":\"Die DESIGNALL Group ist ein modernes Architekturdesignstudio, das sich auf zeitlose, funktionale, \u00e4sthetische und einzigartige L\u00f6sungen konzentriert.\",\"publisher\":{\"@id\":\"https:\/\/designall.pl\/de\/#organization\"},\"potentialAction\":[{\"@type\":\"SearchAction\",\"target\":{\"@type\":\"EntryPoint\",\"urlTemplate\":\"https:\/\/designall.pl\/de\/?s={search_term_string}\"},\"query-input\":\"required name=search_term_string\"}],\"inLanguage\":\"pl-PL\"},{\"@type\":\"WebPage\",\"@id\":\"http:\/\/designall.pl\/de\/ausfuhrung\/\",\"url\":\"http:\/\/designall.pl\/de\/ausfuhrung\/\",\"name\":\"Ausf\u00fchrung - Designall Investitionsmanagement Olsztyn, Immobilien, Ausf\u00fchrung, OZE\",\"isPartOf\":{\"@id\":\"https:\/\/designall.pl\/de\/#website\"},\"datePublished\":\"2022-07-08T10:10:22+00:00\",\"dateModified\":\"2023-06-16T10:36:26+00:00\",\"breadcrumb\":{\"@id\":\"http:\/\/designall.pl\/de\/ausfuhrung\/#breadcrumb\"},\"inLanguage\":\"pl-PL\",\"potentialAction\":[{\"@type\":\"ReadAction\",\"target\":[\"http:\/\/designall.pl\/de\/ausfuhrung\/\"]}]},{\"@type\":\"BreadcrumbList\",\"@id\":\"http:\/\/designall.pl\/de\/ausfuhrung\/#breadcrumb\",\"itemListElement\":[{\"@type\":\"ListItem\",\"position\":1,\"name\":\"Strona g\u0142\u00f3wna\",\"item\":\"https:\/\/designall.pl\/de\/\"},{\"@type\":\"ListItem\",\"position\":2,\"name\":\"Ausf\u00fchrung\"}]}]}<\/script>\n<!-- \/ Yoast SEO plugin. -->","yoast_head_json":{"title":"Ausf\u00fchrung - Designall Investitionsmanagement Olsztyn, Immobilien, Ausf\u00fchrung, OZE","robots":{"index":"index","follow":"follow","max-snippet":"max-snippet:-1","max-image-preview":"max-image-preview:large","max-video-preview":"max-video-preview:-1"},"canonical":"http:\/\/designall.pl\/de\/ausfuhrung\/","og_locale":"pl_PL","og_type":"article","og_title":"Ausf\u00fchrung - Designall Investitionsmanagement Olsztyn, Immobilien, Ausf\u00fchrung, OZE","og_description":"[vc_row full_width=&#8221;stretch_row&#8221; equal_height=&#8221;yes&#8221; content_placement=&#8221;middle&#8221; css=&#8221;.vc_custom_1669294199563{padding-top: 20px !important;padding-bottom: 40px !important;background-color: #f9f9f9 !important;}&#8221;][vc_column width=&#8221;1\/2&#8243;][vc_single_image image=&#8221;15613&#8243; img_size=&#8221;full&#8221; alignment=&#8221;right&#8221; css_animation=&#8221;slideInLeft&#8221;][\/vc_column][vc_column width=&#8221;1\/2&#8243; el_class=&#8221;marginleftright&#8221;][vc_column_text] Wir verf\u00fcgen \u00fcber ein erfahrenes und effizientes F\u00fchrungsteam und qualifiziertes Ingenieur- und [...]","og_url":"http:\/\/designall.pl\/de\/ausfuhrung\/","og_site_name":"Designall Investitionsmanagement Olsztyn, Immobilien, Ausf\u00fchrung, OZE","article_modified_time":"2023-06-16T10:36:26+00:00","twitter_card":"summary","twitter_misc":{"Szacowany czas czytania":"1 minuta"},"schema":{"@context":"https:\/\/schema.org","@graph":[{"@type":"Organization","@id":"https:\/\/designall.pl\/de\/#organization","name":"Designall Investitionsmanagement Olsztyn, Immobilien, Ausf\u00fchrung, OZE","url":"https:\/\/designall.pl\/de\/","sameAs":[],"logo":{"@type":"ImageObject","inLanguage":"pl-PL","@id":"https:\/\/designall.pl\/de\/#\/schema\/logo\/image\/","url":"","contentUrl":"","caption":"Designall Investitionsmanagement Olsztyn, Immobilien, Ausf\u00fchrung, OZE"},"image":{"@id":"https:\/\/designall.pl\/de\/#\/schema\/logo\/image\/"}},{"@type":"WebSite","@id":"https:\/\/designall.pl\/de\/#website","url":"https:\/\/designall.pl\/de\/","name":"Designall Investitionsmanagement Olsztyn, Immobilien, Ausf\u00fchrung, OZE","description":"Die DESIGNALL Group ist ein modernes Architekturdesignstudio, das sich auf zeitlose, funktionale, \u00e4sthetische und einzigartige L\u00f6sungen konzentriert.","publisher":{"@id":"https:\/\/designall.pl\/de\/#organization"},"potentialAction":[{"@type":"SearchAction","target":{"@type":"EntryPoint","urlTemplate":"https:\/\/designall.pl\/de\/?s={search_term_string}"},"query-input":"required name=search_term_string"}],"inLanguage":"pl-PL"},{"@type":"WebPage","@id":"http:\/\/designall.pl\/de\/ausfuhrung\/","url":"http:\/\/designall.pl\/de\/ausfuhrung\/","name":"Ausf\u00fchrung - Designall Investitionsmanagement Olsztyn, Immobilien, Ausf\u00fchrung, OZE","isPartOf":{"@id":"https:\/\/designall.pl\/de\/#website"},"datePublished":"2022-07-08T10:10:22+00:00","dateModified":"2023-06-16T10:36:26+00:00","breadcrumb":{"@id":"http:\/\/designall.pl\/de\/ausfuhrung\/#breadcrumb"},"inLanguage":"pl-PL","potentialAction":[{"@type":"ReadAction","target":["http:\/\/designall.pl\/de\/ausfuhrung\/"]}]},{"@type":"BreadcrumbList","@id":"http:\/\/designall.pl\/de\/ausfuhrung\/#breadcrumb","itemListElement":[{"@type":"ListItem","position":1,"name":"Strona g\u0142\u00f3wna","item":"https:\/\/designall.pl\/de\/"},{"@type":"ListItem","position":2,"name":"Ausf\u00fchrung"}]}]}},"_links":{"self":[{"href":"https:\/\/designall.pl\/de\/wp-json\/wp\/v2\/pages\/15550"}],"collection":[{"href":"https:\/\/designall.pl\/de\/wp-json\/wp\/v2\/pages"}],"about":[{"href":"https:\/\/designall.pl\/de\/wp-json\/wp\/v2\/types\/page"}],"author":[{"embeddable":true,"href":"https:\/\/designall.pl\/de\/wp-json\/wp\/v2\/users\/1"}],"replies":[{"embeddable":true,"href":"https:\/\/designall.pl\/de\/wp-json\/wp\/v2\/comments?post=15550"}],"version-history":[{"count":13,"href":"https:\/\/designall.pl\/de\/wp-json\/wp\/v2\/pages\/15550\/revisions"}],"predecessor-version":[{"id":16276,"href":"https:\/\/designall.pl\/de\/wp-json\/wp\/v2\/pages\/15550\/revisions\/16276"}],"wp:attachment":[{"href":"https:\/\/designall.pl\/de\/wp-json\/wp\/v2\/media?parent=15550"}],"curies":[{"name":"wp","href":"https:\/\/api.w.org\/{rel}","templated":true}]}}