{"id":15546,"date":"2022-07-08T12:08:53","date_gmt":"2022-07-08T10:08:53","guid":{"rendered":"https:\/\/designall.pl\/en\/?page_id=15546"},"modified":"2023-06-15T15:02:57","modified_gmt":"2023-06-15T13:02:57","slug":"investment-handling","status":"publish","type":"page","link":"https:\/\/designall.pl\/en\/investment-handling\/","title":{"rendered":"Investment handling"},"content":{"rendered":"<p>[vc_row full_width=&#8221;stretch_row&#8221; equal_height=&#8221;yes&#8221; content_placement=&#8221;middle&#8221; css=&#8221;.vc_custom_1669294275213{padding-top: 20px !important;padding-bottom: 40px !important;background-color: #f9f9f9 !important;}&#8221;][vc_column width=&#8221;4\/12&#8243;][vc_row_inner][vc_column_inner width=&#8221;1\/4&#8243;][\/vc_column_inner][vc_column_inner width=&#8221;3\/4&#8243;][vc_column_text]<\/p>\n<h2>Projects:<\/h2>\n<ul>\n<li>architectural and construction<\/li>\n<li>technical<\/li>\n<li>industry (sanitary, roads, electrical, etc.)<\/li>\n<li>technological<\/li>\n<li>land development<\/li>\n<li>adaptations<\/li>\n<li>demolition<\/li>\n<li>inventorial<\/li>\n<li>interior design<br \/>\n\u2022 garden arrangements<br \/>\n\u2022 visualisations<\/li>\n<\/ul>\n<p>[\/vc_column_text][\/vc_column_inner][\/vc_row_inner][\/vc_column][vc_column width=&#8221;8\/12&#8243;][vc_single_image image=&#8221;15765&#8243; img_size=&#8221;full&#8221; alignment=&#8221;right&#8221; css_animation=&#8221;slideInRight&#8221;][\/vc_column][\/vc_row][vc_row full_width=&#8221;stretch_row&#8221; equal_height=&#8221;yes&#8221; content_placement=&#8221;middle&#8221; css=&#8221;.vc_custom_1669294275213{padding-top: 20px !important;padding-bottom: 40px !important;background-color: #f9f9f9 !important;}&#8221;][vc_column width=&#8221;7\/12&#8243;][vc_single_image image=&#8221;15636&#8243; img_size=&#8221;full&#8221; alignment=&#8221;center&#8221; css_animation=&#8221;slideInLeft&#8221;][\/vc_column][vc_column width=&#8221;5\/12&#8243;][vc_column_text]<\/p>\n<h2>Implementation of formal and legal activities related to obtaining:<\/h2>\n<ul>\n<li>land development conditions<\/li>\n<li>technical conditions<\/li>\n<li>building\/demolition permits<\/li>\n<li>submission<\/li>\n<li>water-law permits<\/li>\n<li>environmental decisions<\/li>\n<li>arrangements for individual meetings<\/li>\n<li>arrangements for land utilities<\/li>\n<\/ul>\n<p>and other necessary in the investment process.<\/p>\n<p>[\/vc_column_text][\/vc_column][\/vc_row][vc_row full_width=&#8221;stretch_row&#8221; equal_height=&#8221;yes&#8221; content_placement=&#8221;middle&#8221; css=&#8221;.vc_custom_1669294275213{padding-top: 20px !important;padding-bottom: 40px !important;background-color: #f9f9f9 !important;}&#8221;][vc_column width=&#8221;1\/2&#8243;][vc_column_text]<\/p>\n<h2>Construction\/investment coordination as:<\/h2>\n<h3>project supervision:<\/h3>\n<ul>\n<li>construction works control \u2013proper execution of works, compliance with the design and regulations,<\/li>\n<li>settlement of subsequent construction work stages<\/li>\n<\/ul>\n<h3>substitute investor:<\/h3>\n<ul>\n<li>taking over the obligations of a direct investor,<\/li>\n<li>completing all required administrative formalities,<\/li>\n<li>representing the direct investor in contacts with third parties, including contractors and suppliers,<\/li>\n<li>making current financial settlements related to the ongoing construction works,<\/li>\n<li>coordination of turnkey investments and implementation of other tasks entrusted as part of the contract.<\/li>\n<\/ul>\n<p>[\/vc_column_text][\/vc_column][vc_column width=&#8221;1\/2&#8243;][vc_single_image image=&#8221;16041&#8243; img_size=&#8221;full&#8221; alignment=&#8221;right&#8221; css_animation=&#8221;slideInRight&#8221;][\/vc_column][\/vc_row][vc_row equal_height=&#8221;yes&#8221; content_placement=&#8221;top&#8221; disable_element=&#8221;yes&#8221; el_class=&#8221;margintopbottom&#8221;][vc_column width=&#8221;1\/2&#8243;][vc_single_image image=&#8221;15642&#8243; el_class=&#8221;fotoRotate&#8221;][vc_column_text]<\/p>\n<h3><span dir=\"ltr\" role=\"presentation\">Nadz\u00f3r inwestorski realizowany<\/span><\/h3>\n<p>[\/vc_column_text][vc_column_text]<\/p>\n<p><span dir=\"ltr\" role=\"presentation\">przez specjalist\u00f3w z Grupy DESIGNALL to <\/span><span dir=\"ltr\" role=\"presentation\">gwarancja, \u017ce ca\u0142e przedsi\u0119wzi\u0119cie zrealizowane zostanie bez zb\u0119dnych <\/span><span dir=\"ltr\" role=\"presentation\">komplikacji, bezpiecznie, terminowo i przy zastosowaniu odpowiedniej jako\u015bci <\/span><span dir=\"ltr\" role=\"presentation\">materia\u0142\u00f3w. W ramach powierzonych obowi\u0105zk\u00f3w, opr\u00f3cz bie\u017c\u0105cej koordynacji <\/span><span dir=\"ltr\" role=\"presentation\">budowy, organizujemy regularne narady w wykonawcami, z kt\u00f3rych sporz\u0105dzane <\/span><span dir=\"ltr\" role=\"presentation\">s\u0105 protoko\u0142y oraz prowadzimy kontrol\u0119 Dziennika Budowy.<\/span><\/p>\n<p>[\/vc_column_text][\/vc_column][vc_column width=&#8221;1\/2&#8243;][vc_single_image image=&#8221;15643&#8243; el_class=&#8221;fotoRotate&#8221;][vc_column_text]<\/p>\n<h3><span dir=\"ltr\" role=\"presentation\">Prowadz\u0105c nadz\u00f3r inwestorski<\/span><\/h3>\n<p>[\/vc_column_text][vc_column_text]<\/p>\n<p><span dir=\"ltr\" role=\"presentation\">na bie\u017c\u0105co informujemy o post\u0119pie rob\u00f3t <\/span><span dir=\"ltr\" role=\"presentation\">budowlanych, jako\u015bci wykonanych prac oraz o wynikach kontroli w pozosta\u0142ych <\/span><span dir=\"ltr\" role=\"presentation\">obszarach inwestycji. W trakcie realizacji us\u0142ugi zwi\u0105zanej z nadzorem inwestycji, <\/span><span dir=\"ltr\" role=\"presentation\">nasi inspektorzy dokonuj\u0105 r\u00f3wnie\u017c cz\u0119\u015bciowego i\/lub ko\u0144cowego etapu rob\u00f3t oraz <\/span><span dir=\"ltr\" role=\"presentation\">organizuj\u0105 proces przekazania obiektu do u\u017cytkowania<\/span><\/p>\n<p>[\/vc_column_text][\/vc_column][\/vc_row][vc_row full_width=&#8221;stretch_row_content_no_spaces&#8221; equal_height=&#8221;yes&#8221; content_placement=&#8221;middle&#8221; disable_element=&#8221;yes&#8221; el_class=&#8221;margintopbottom&#8221;][vc_column width=&#8221;1\/2&#8243;][vc_single_image image=&#8221;15764&#8243; img_size=&#8221;full&#8221; css_animation=&#8221;slideInLeft&#8221;][\/vc_column][vc_column width=&#8221;1\/2&#8243; el_class=&#8221;marginleftright&#8221;][vc_column_text]<\/p>\n<h2>Inwestor <span class=\"boldtitle\">zast\u0119pczy<\/span><\/h2>\n<p><span dir=\"ltr\" role=\"presentation\">Grupa DESIGNALL mo\u017ce przej\u0105\u0107 na siebie wszystkie obowi\u0105zki zwi\u0105zane z realizacj\u0105 przedsi\u0119wzi\u0119cia budowlanego (np. budowa domu) jako inwestor\u00a0 zast\u0119pczy. Bogaty baga\u017c do\u015bwiadczenia oraz szerokie kompetencje, pozwalaj\u0105 nam skutecznie zaplanowa\u0107, zorganizowa\u0107, skoordynowa\u0107 oraz sprawnie przeprowadzi\u0107 i zako\u0144czy\u0107 ca\u0142\u0105 inwestycj\u0119 w ustalonym wsp\u00f3lnie terminie. Profesjonalne zast\u0119pstwo inwestycyjne realizowane przez firm\u0119 DESIGNALL to pakiet wymiernych korzy\u015bci dla g\u0142\u00f3wnego inwestora, w ramach kt\u00f3rego proponujemy i zapewniamy m.in.:<\/span><\/p>\n<ul>\n<li><span dir=\"ltr\" role=\"presentation\">przej\u0119cie obowi\u0105zk\u00f3w inwestora bezpo\u015bredniego,<\/span><\/li>\n<li><span dir=\"ltr\" role=\"presentation\">za\u0142atwienie wszelkich wymaganych formalno\u015bci administracyjnych,<\/span><\/li>\n<li><span dir=\"ltr\" role=\"presentation\">reprezentowanie inwestora bezpo\u015bredniego w kontaktach z osobami trzecimi, w tym z wykonawcami oraz dostawcami,<\/span><\/li>\n<li><span dir=\"ltr\" role=\"presentation\">dokonywanie bie\u017c\u0105cych rozlicze\u0144 finansowych zwi\u0105zanych z prowadzon\u0105 budow\u0105,<\/span><\/li>\n<li><span dir=\"ltr\" role=\"presentation\">koordynacj\u0119 inwestycji \u201epod klucz\u201d i realizacj\u0119 innych powierzonych w umowie zada\u0144<\/span><\/li>\n<\/ul>\n<p>[\/vc_column_text][\/vc_column][\/vc_row][vc_row full_width=&#8221;stretch_row_content_no_spaces&#8221; equal_height=&#8221;yes&#8221; content_placement=&#8221;middle&#8221; disable_element=&#8221;yes&#8221; el_class=&#8221;margintopbottom&#8221;][vc_column width=&#8221;1\/6&#8243;][\/vc_column][vc_column width=&#8221;4\/6&#8243;][vc_column_text]<\/p>\n<p style=\"text-align: center;\"><span dir=\"ltr\" role=\"presentation\">Oferujemy zar\u00f3wno kompleksow\u0105 obs\u0142ug\u0119 inwestycji, jak i przyj\u0119cie zast\u0119pstwa <\/span><span dir=\"ltr\" role=\"presentation\">inwestycyjnego w wybranym zakresie lub konkretnym etapie. Powierzaj\u0105c Grupie <\/span><span dir=\"ltr\" role=\"presentation\">DESIGNALL funkcj\u0119 inwestora zast\u0119pczego, stawiasz na wygod\u0119 i pewno\u015b\u0107, \u017ce <\/span><span dir=\"ltr\" role=\"presentation\">przedsi\u0119wzi\u0119cie zrealizowane zostanie z zachowaniem wymaganych standard\u00f3w <\/span><span dir=\"ltr\" role=\"presentation\">bezpiecze\u0144stwa i jako\u015bci, wydatki nie przekrocz\u0105 ustalonego bud\u017cetu, a obiekt <\/span><span dir=\"ltr\" role=\"presentation\">zostanie oddany do u\u017cytku w terminie<\/span><\/p>\n<p>[\/vc_column_text][\/vc_column][vc_column width=&#8221;1\/6&#8243;][\/vc_column][\/vc_row][vc_row full_width=&#8221;stretch_row_content_no_spaces&#8221; equal_height=&#8221;yes&#8221; content_placement=&#8221;middle&#8221; disable_element=&#8221;yes&#8221; el_class=&#8221;margintopbottom&#8221;][vc_column width=&#8221;1\/2&#8243; el_class=&#8221;marginleftright&#8221;][vc_column_text]<\/p>\n<h2>Tematy <span class=\"boldtitle\">formalno-prawne<\/span><\/h2>\n<p><span dir=\"ltr\" role=\"presentation\">Grupa DESIGNALL oferuje realizacj\u0119 pe\u0142nego zakresu czynno\u015bci formalno-<\/span><span dir=\"ltr\" role=\"presentation\">prawnych zwi\u0105zanych z procesem inwestycyjnym. W\u015br\u00f3d zada\u0144, w jakich si\u0119 <\/span><span dir=\"ltr\" role=\"presentation\">specjalizujemy, jest przede wszystkim pozyskiwanie decyzji administracyjnych, <\/span><span dir=\"ltr\" role=\"presentation\">formalnych zg\u00f3d i pozwole\u0144 na budow\u0119 r\u00f3\u017cnego rodzaju obiekt\u00f3w. W ramach <\/span><span dir=\"ltr\" role=\"presentation\">formalno-prawnej obs\u0142ugi inwestycji proponujemy m.in. nast\u0119puj\u0105ce us\u0142ugi:<\/span><\/p>\n<ul>\n<li><span dir=\"ltr\" role=\"presentation\">uzyskanie warunk\u00f3w zabudowy i\/lub wypisu z MPZP,<\/span><\/li>\n<li><span dir=\"ltr\" role=\"presentation\">wykonanie projektu architektoniczno-budowlanego,<\/span><\/li>\n<li><span dir=\"ltr\" role=\"presentation\">zg\u0142oszenie rob\u00f3t lub uzyskanie pozwolenia na budow\u0119 czy rozbi\u00f3rk\u0119,<\/span><\/li>\n<li><span dir=\"ltr\" role=\"presentation\">pozyskanie decyzji o \u015brodowiskowych uwarunkowaniach dla realizacji <\/span><span dir=\"ltr\" role=\"presentation\">inwestycji,<\/span><\/li>\n<li><span dir=\"ltr\" role=\"presentation\">z\u0142o\u017cenie wniosku i uzyskanie zgodny na wycink\u0119 drzew,<\/span><\/li>\n<li><span dir=\"ltr\" role=\"presentation\">uzgodnienia bran\u017cowe dotycz\u0105ce uzbrojenia terenu,<\/span><\/li>\n<li><span dir=\"ltr\" role=\"presentation\">uregulowanie stanu prawnego nieruchomo\u015bci w zakresie niezb\u0119dnym do <\/span><span dir=\"ltr\" role=\"presentation\">realizacji inwestycji,<\/span><\/li>\n<li><span dir=\"ltr\" role=\"presentation\">za\u0142atwienie formalno\u015bci zwi\u0105zanych z pod\u0142\u0105czeniem medi\u00f3w <\/span><span dir=\"ltr\" role=\"presentation\">energetycznych i wody.<\/span><\/li>\n<\/ul>\n<p>[\/vc_column_text][\/vc_column][vc_column width=&#8221;1\/2&#8243;][vc_single_image image=&#8221;15765&#8243; img_size=&#8221;full&#8221; alignment=&#8221;right&#8221; css_animation=&#8221;slideInRight&#8221;][\/vc_column][\/vc_row][vc_row full_width=&#8221;stretch_row_content_no_spaces&#8221; equal_height=&#8221;yes&#8221; content_placement=&#8221;middle&#8221; disable_element=&#8221;yes&#8221; el_class=&#8221;margintopbottom&#8221;][vc_column width=&#8221;1\/6&#8243;][\/vc_column][vc_column width=&#8221;4\/6&#8243;][vc_column_text]<\/p>\n<p style=\"text-align: center;\"><span dir=\"ltr\" role=\"presentation\">Zakres obs\u0142ugi zawsze elastycznie dopasowujemy do specyfiki i stanu przygotowania danej inwestycji oraz wymaganych formalno\u015bci. W zale\u017cno\u015bci od potrzeb, reprezentujemy inwestora przed r\u00f3\u017cnymi instytucjami pa\u0144stwowymi oraz samorz\u0105dowymi i za\u0142atwiamy te\u017c inne niezb\u0119dne dokumenty<\/span><\/p>\n<p>[\/vc_column_text][\/vc_column][vc_column width=&#8221;1\/6&#8243;][\/vc_column][\/vc_row]<\/p>\n","protected":false},"excerpt":{"rendered":"<p>[vc_row full_width=&#8221;stretch_row&#8221; equal_height=&#8221;yes&#8221; content_placement=&#8221;middle&#8221; css=&#8221;.vc_custom_1669294275213{padding-top: 20px !important;padding-bottom: 40px !important;background-color: #f9f9f9 !important;}&#8221;][vc_column width=&#8221;4\/12&#8243;][vc_row_inner][vc_column_inner width=&#8221;1\/4&#8243;][\/vc_column_inner][vc_column_inner width=&#8221;3\/4&#8243;][vc_column_text] Projects: architectural and construction technical industry (sanitary, roads, electrical, etc.) technological land development adaptations demolition inventorial [&#8230;]<\/p>\n","protected":false},"author":1,"featured_media":0,"parent":0,"menu_order":0,"comment_status":"closed","ping_status":"closed","template":"","meta":[],"yoast_head":"<!-- This site is optimized with the Yoast SEO plugin v19.3 - https:\/\/yoast.com\/wordpress\/plugins\/seo\/ -->\n<title>Investment handling - Designall Investment Handling Olsztyn, Real Estate, Realization, OZE.<\/title>\n<meta name=\"robots\" content=\"index, follow, max-snippet:-1, max-image-preview:large, max-video-preview:-1\" \/>\n<link rel=\"canonical\" href=\"https:\/\/designall.pl\/en\/investment-handling\/\" \/>\n<meta property=\"og:locale\" content=\"pl_PL\" \/>\n<meta property=\"og:type\" content=\"article\" \/>\n<meta property=\"og:title\" content=\"Investment handling - Designall Investment Handling Olsztyn, Real Estate, Realization, OZE.\" \/>\n<meta property=\"og:description\" content=\"[vc_row full_width=&#8221;stretch_row&#8221; equal_height=&#8221;yes&#8221; content_placement=&#8221;middle&#8221; css=&#8221;.vc_custom_1669294275213{padding-top: 20px !important;padding-bottom: 40px !important;background-color: #f9f9f9 !important;}&#8221;][vc_column width=&#8221;4\/12&#8243;][vc_row_inner][vc_column_inner width=&#8221;1\/4&#8243;][\/vc_column_inner][vc_column_inner width=&#8221;3\/4&#8243;][vc_column_text] Projects: architectural and construction technical industry (sanitary, roads, electrical, etc.) technological land development adaptations demolition inventorial [...]\" \/>\n<meta property=\"og:url\" content=\"https:\/\/designall.pl\/en\/investment-handling\/\" \/>\n<meta property=\"og:site_name\" content=\"Designall Investment Handling Olsztyn, Real Estate, Realization, OZE.\" \/>\n<meta property=\"article:modified_time\" content=\"2023-06-15T13:02:57+00:00\" \/>\n<meta name=\"twitter:card\" content=\"summary\" \/>\n<meta name=\"twitter:label1\" content=\"Szacowany czas czytania\" \/>\n\t<meta name=\"twitter:data1\" content=\"4 minuty\" \/>\n<script type=\"application\/ld+json\" class=\"yoast-schema-graph\">{\"@context\":\"https:\/\/schema.org\",\"@graph\":[{\"@type\":\"Organization\",\"@id\":\"https:\/\/designall.pl\/en\/#organization\",\"name\":\"Designall Investment Handling Olsztyn, Real Estate, Realization, OZE.\",\"url\":\"https:\/\/designall.pl\/en\/\",\"sameAs\":[],\"logo\":{\"@type\":\"ImageObject\",\"inLanguage\":\"pl-PL\",\"@id\":\"https:\/\/designall.pl\/en\/#\/schema\/logo\/image\/\",\"url\":\"\",\"contentUrl\":\"\",\"caption\":\"Designall Investment Handling Olsztyn, Real Estate, Realization, OZE.\"},\"image\":{\"@id\":\"https:\/\/designall.pl\/en\/#\/schema\/logo\/image\/\"}},{\"@type\":\"WebSite\",\"@id\":\"https:\/\/designall.pl\/en\/#website\",\"url\":\"https:\/\/designall.pl\/en\/\",\"name\":\"Designall Investment Handling Olsztyn, Real Estate, Realization, OZE.\",\"description\":\"The DESIGNALL Group is a modern architectural design studio that focuses on timeless, functional, aesthetic and unique solutions.\",\"publisher\":{\"@id\":\"https:\/\/designall.pl\/en\/#organization\"},\"potentialAction\":[{\"@type\":\"SearchAction\",\"target\":{\"@type\":\"EntryPoint\",\"urlTemplate\":\"https:\/\/designall.pl\/en\/?s={search_term_string}\"},\"query-input\":\"required name=search_term_string\"}],\"inLanguage\":\"pl-PL\"},{\"@type\":\"WebPage\",\"@id\":\"https:\/\/designall.pl\/en\/investment-handling\/\",\"url\":\"https:\/\/designall.pl\/en\/investment-handling\/\",\"name\":\"Investment handling - Designall Investment Handling Olsztyn, Real Estate, Realization, OZE.\",\"isPartOf\":{\"@id\":\"https:\/\/designall.pl\/en\/#website\"},\"datePublished\":\"2022-07-08T10:08:53+00:00\",\"dateModified\":\"2023-06-15T13:02:57+00:00\",\"breadcrumb\":{\"@id\":\"https:\/\/designall.pl\/en\/investment-handling\/#breadcrumb\"},\"inLanguage\":\"pl-PL\",\"potentialAction\":[{\"@type\":\"ReadAction\",\"target\":[\"https:\/\/designall.pl\/en\/investment-handling\/\"]}]},{\"@type\":\"BreadcrumbList\",\"@id\":\"https:\/\/designall.pl\/en\/investment-handling\/#breadcrumb\",\"itemListElement\":[{\"@type\":\"ListItem\",\"position\":1,\"name\":\"Strona g\u0142\u00f3wna\",\"item\":\"https:\/\/designall.pl\/en\/\"},{\"@type\":\"ListItem\",\"position\":2,\"name\":\"Investment handling\"}]}]}<\/script>\n<!-- \/ Yoast SEO plugin. -->","yoast_head_json":{"title":"Investment handling - Designall Investment Handling Olsztyn, Real Estate, Realization, OZE.","robots":{"index":"index","follow":"follow","max-snippet":"max-snippet:-1","max-image-preview":"max-image-preview:large","max-video-preview":"max-video-preview:-1"},"canonical":"https:\/\/designall.pl\/en\/investment-handling\/","og_locale":"pl_PL","og_type":"article","og_title":"Investment handling - Designall Investment Handling Olsztyn, Real Estate, Realization, OZE.","og_description":"[vc_row full_width=&#8221;stretch_row&#8221; equal_height=&#8221;yes&#8221; content_placement=&#8221;middle&#8221; css=&#8221;.vc_custom_1669294275213{padding-top: 20px !important;padding-bottom: 40px !important;background-color: #f9f9f9 !important;}&#8221;][vc_column width=&#8221;4\/12&#8243;][vc_row_inner][vc_column_inner width=&#8221;1\/4&#8243;][\/vc_column_inner][vc_column_inner width=&#8221;3\/4&#8243;][vc_column_text] Projects: architectural and construction technical industry (sanitary, roads, electrical, etc.) technological land development adaptations demolition inventorial [...]","og_url":"https:\/\/designall.pl\/en\/investment-handling\/","og_site_name":"Designall Investment Handling Olsztyn, Real Estate, Realization, OZE.","article_modified_time":"2023-06-15T13:02:57+00:00","twitter_card":"summary","twitter_misc":{"Szacowany czas czytania":"4 minuty"},"schema":{"@context":"https:\/\/schema.org","@graph":[{"@type":"Organization","@id":"https:\/\/designall.pl\/en\/#organization","name":"Designall Investment Handling Olsztyn, Real Estate, Realization, OZE.","url":"https:\/\/designall.pl\/en\/","sameAs":[],"logo":{"@type":"ImageObject","inLanguage":"pl-PL","@id":"https:\/\/designall.pl\/en\/#\/schema\/logo\/image\/","url":"","contentUrl":"","caption":"Designall Investment Handling Olsztyn, Real Estate, Realization, OZE."},"image":{"@id":"https:\/\/designall.pl\/en\/#\/schema\/logo\/image\/"}},{"@type":"WebSite","@id":"https:\/\/designall.pl\/en\/#website","url":"https:\/\/designall.pl\/en\/","name":"Designall Investment Handling Olsztyn, Real Estate, Realization, OZE.","description":"The DESIGNALL Group is a modern architectural design studio that focuses on timeless, functional, aesthetic and unique solutions.","publisher":{"@id":"https:\/\/designall.pl\/en\/#organization"},"potentialAction":[{"@type":"SearchAction","target":{"@type":"EntryPoint","urlTemplate":"https:\/\/designall.pl\/en\/?s={search_term_string}"},"query-input":"required name=search_term_string"}],"inLanguage":"pl-PL"},{"@type":"WebPage","@id":"https:\/\/designall.pl\/en\/investment-handling\/","url":"https:\/\/designall.pl\/en\/investment-handling\/","name":"Investment handling - Designall Investment Handling Olsztyn, Real Estate, Realization, OZE.","isPartOf":{"@id":"https:\/\/designall.pl\/en\/#website"},"datePublished":"2022-07-08T10:08:53+00:00","dateModified":"2023-06-15T13:02:57+00:00","breadcrumb":{"@id":"https:\/\/designall.pl\/en\/investment-handling\/#breadcrumb"},"inLanguage":"pl-PL","potentialAction":[{"@type":"ReadAction","target":["https:\/\/designall.pl\/en\/investment-handling\/"]}]},{"@type":"BreadcrumbList","@id":"https:\/\/designall.pl\/en\/investment-handling\/#breadcrumb","itemListElement":[{"@type":"ListItem","position":1,"name":"Strona g\u0142\u00f3wna","item":"https:\/\/designall.pl\/en\/"},{"@type":"ListItem","position":2,"name":"Investment handling"}]}]}},"_links":{"self":[{"href":"https:\/\/designall.pl\/en\/wp-json\/wp\/v2\/pages\/15546"}],"collection":[{"href":"https:\/\/designall.pl\/en\/wp-json\/wp\/v2\/pages"}],"about":[{"href":"https:\/\/designall.pl\/en\/wp-json\/wp\/v2\/types\/page"}],"author":[{"embeddable":true,"href":"https:\/\/designall.pl\/en\/wp-json\/wp\/v2\/users\/1"}],"replies":[{"embeddable":true,"href":"https:\/\/designall.pl\/en\/wp-json\/wp\/v2\/comments?post=15546"}],"version-history":[{"count":25,"href":"https:\/\/designall.pl\/en\/wp-json\/wp\/v2\/pages\/15546\/revisions"}],"predecessor-version":[{"id":16274,"href":"https:\/\/designall.pl\/en\/wp-json\/wp\/v2\/pages\/15546\/revisions\/16274"}],"wp:attachment":[{"href":"https:\/\/designall.pl\/en\/wp-json\/wp\/v2\/media?parent=15546"}],"curies":[{"name":"wp","href":"https:\/\/api.w.org\/{rel}","templated":true}]}}